{"id":300,"date":"2015-02-09T20:21:49","date_gmt":"2015-02-09T20:21:49","guid":{"rendered":"https:\/\/webbverkstaden.com\/?page_id=300"},"modified":"2018-10-26T08:00:37","modified_gmt":"2018-10-26T06:00:37","slug":"om-cookies","status":"publish","type":"page","link":"https:\/\/webbverkstaden.com\/sv\/om-cookies\/","title":{"rendered":"Om personuppgifter, integritet och cookies"},"content":{"rendered":"<p><b>Integritetspolicy f\u00f6r Webbvverkstaden.com<\/b><\/p>\n<p><span style=\"font-weight: 400;\">F\u00f6r oss \u00e4r det viktigt och sj\u00e4lvklart att vi vill skydda din integritet. Denna integritetspolicy f\u00f6rklarar och f\u00f6rtydligar hur vi som personuppgiftsansvarig behandlar v\u00e5ra bes\u00f6kares och kunders personuppgifter.<\/span><\/p>\n<p><span style=\"font-weight: 400;\">Denna policy g\u00e4ller i situationer d\u00e4r vi behandlar personlig information som samlats in fr\u00e5n n\u00e5gon av v\u00e5ra webbplatser. Genom att anv\u00e4nda v\u00e5r webbplats godk\u00e4nner du att din personliga information behandlas i enlighet med denna integritetspolicy.<\/span><\/p>\n<p><b>Vad \u00e4r personuppgifter?<\/b><\/p>\n<p><span style=\"font-weight: 400;\">Personuppgifter \u00e4r information om en identifierad eller identifierbar fysisk person. En identifierbar fysisk person \u00e4r en person som kan identifieras direkt eller indirekt, via ett namn, ett personnummer, platsdata, en IP-adress eller en eller flera faktorer som \u00e4r specifika f\u00f6r fysiska, fysiologiska, genetiska, mentala, ekonomiska, kulturella eller sociala identiteten hos den fysiska personen.<\/span><\/p>\n<p><b>Kategorier av personuppgifter vi samlar in<\/b><\/p>\n<p><i><span style=\"font-weight: 400;\">Personuppgifter<\/span><\/i><\/p>\n<p><span style=\"font-weight: 400;\">Den personliga informationen du tillhandah\u00e5ller via v\u00e5r webbplats \u00e4r dels data som du aktivt ger oss. Det kan handla om uppgifter som du skickar till oss via ett kontaktformul\u00e4r, en anm\u00e4lan f\u00f6r ett event, en online chat, eller liknande funktioner p\u00e5 hemsidan, och d\u00e5 fyller i ditt namn, din epostadress, ditt telefonnummer eller liknande uppgifter.<\/span><\/p>\n<p><i><span style=\"font-weight: 400;\">Webbaktivitet<\/span><\/i><\/p>\n<p><span style=\"font-weight: 400;\">Vi samlar sj\u00e4lva in uppgifter om hur du som bes\u00f6kare anv\u00e4nder webbplatsen, och i samband med det sparas din IP-adress, din ungef\u00e4rliga position, information om dina webbl\u00e4sarinst\u00e4llningar och hur ditt operativsystem anv\u00e4nder sidorna. Denna information behandlas med st\u00f6d av en intresseavv\u00e4gning och anv\u00e4nds f\u00f6r att utveckla webbplatsens funktioner och inneh\u00e5ll.<\/span><\/p>\n<p><b>Syfte med behandling av personuppgifter<\/b><\/p>\n<p><span style=\"font-weight: 400;\">Den information du sj\u00e4lv l\u00e4mnar till oss eller som vi samlar in kan anv\u00e4ndas f\u00f6r att:<\/span><\/p>\n<ul>\n<li style=\"font-weight: 400;\"><span style=\"font-weight: 400;\">Kontakta dig via e-post eller telefonnummer (om du fyller i det i t.ex. kontaktformul\u00e4r)<\/span><\/li>\n<li style=\"font-weight: 400;\"><span style=\"font-weight: 400;\">F\u00f6rb\u00e4ttra v\u00e5r hemsida.<\/span><\/li>\n<li style=\"font-weight: 400;\"><span style=\"font-weight: 400;\">F\u00f6rb\u00e4ttra v\u00e5r kundservice.<\/span><\/li>\n<li style=\"font-weight: 400;\"><span style=\"font-weight: 400;\">Information och marknadsf\u00f6ring kring v\u00e5ra tj\u00e4nster och produkter.<\/span><\/li>\n<\/ul>\n<p><span style=\"font-weight: 400;\">Genom att du fyller i ett samtyckesformul\u00e4r p\u00e5 hemsidan (t.ex. prenumerera p\u00e5 nyhetsbrev, ta del av erbjudanden mm.) \u00a0s\u00e5 samtycker du till att dina personuppgifter (ex. ditt namn, telefonnummer och e-postadress) f\u00e5r anv\u00e4ndas i marknadsf\u00f6ringssyfte f\u00f6r den tj\u00e4nst som exponeras i anslutning till d\u00e4r du ombeds fylla i dina personuppgifter.<\/span><\/p>\n<p><span style=\"font-weight: 400;\">Om du har aktiverat cookies i din webbl\u00e4sare kan den informationen anv\u00e4ndas f\u00f6r att ge en personlig anv\u00e4ndarupplevelse.<\/span><\/p>\n<p><b>Mottagare av personuppgifterna<\/b><\/p>\n<p><span style=\"font-weight: 400;\">Vi anv\u00e4nder bara din personliga information i den m\u00e5n det \u00e4r n\u00f6dv\u00e4ndigt f\u00f6r de \u00e4ndam\u00e5l som anges i denna integritetspolicy.<\/span><\/p>\n<p><span style=\"font-weight: 400;\">Vi har avtal med tredje parts tj\u00e4nsteleverant\u00f6rer f\u00f6r att hj\u00e4lpa oss att f\u00e5 en b\u00e4ttre bild av bes\u00f6karna p\u00e5 webbplatsen. Dessa tj\u00e4nsteleverant\u00f6rer f\u00e5r inte anv\u00e4nda den information som de samlar \u00e5 v\u00e5ra v\u00e4gnar f\u00f6r n\u00e5got annat \u00e4n att hj\u00e4lpa oss att driva och f\u00f6rb\u00e4ttra v\u00e5r verksamhet. I \u00f6vrigt g\u00e4ller att vi inte s\u00e4ljer, handlar med, eller p\u00e5 annat s\u00e4tt \u00f6verf\u00f6r, personligt identifierbar information till utomst\u00e5ende parter. <\/span><\/p>\n<p><b>Informationsskydd<\/b><\/p>\n<p><span style=\"font-weight: 400;\">Vi vidtar n\u00f6dv\u00e4ndiga s\u00e4kerhets\u00e5tg\u00e4rder f\u00f6r att skydda dina personliga uppgifter. Vi anv\u00e4nder oss av kryptering p\u00e5 v\u00e5r hemsida. Endast medarbetare som ska utr\u00e4tta ett specifikt jobb (t.ex. fakturering eller kundservice), f\u00e5r tillg\u00e5ng till personligt identifierbar information. De datorer\/servrar som anv\u00e4nds f\u00f6r att lagra personligt identifierbar information lagras i en s\u00e4ker milj\u00f6 hos en betrodd partner.<\/span><\/p>\n<p><b>Anv\u00e4ndning av cookies<\/b><\/p>\n<p><span style=\"font-weight: 400;\">Cookies \u00e4r vanligt f\u00f6rekommande och finns p\u00e5 m\u00e5nga olika hemsidor. P\u00e5 v\u00e5r webbplats anv\u00e4nds cookies f\u00f6r inloggning, statistik och anpassning av inneh\u00e5llet efter bes\u00f6karens \u00f6nskem\u00e5l och val. De kan \u00e4ven anv\u00e4ndas f\u00f6r att rikta mer relevant marknadsf\u00f6ring mot v\u00e5ra potentiella och befintliga kunder.<\/span><\/p>\n<p><span style=\"font-weight: 400;\">En cookie \u00e4r en liten textfil som lagras p\u00e5 bes\u00f6karens dator i syfte att f\u00f6rb\u00e4ttra upplevelsen och f\u00f6renkla anv\u00e4ndandet av webbplatsen. Genom att anv\u00e4nda n\u00e5gon av v\u00e5ra tj\u00e4nster godk\u00e4nner du detta.<\/span><\/p>\n<p><span style=\"font-weight: 400;\">Det finns tv\u00e5 typer av cookies, permanenta cookies och session cookies, varav b\u00e5da anv\u00e4nds p\u00e5 v\u00e5r webbplats. En permanent cookie ligger kvar p\u00e5 bes\u00f6karens dator under en best\u00e4md tid medan en session cookie lagras tillf\u00e4lligt i datorns minne under tiden en bes\u00f6kare \u00e4r inne p\u00e5 en webbplats. Session cookies f\u00f6rsvinner n\u00e4r bes\u00f6karen st\u00e4nger sin webbl\u00e4sare. Har du en nyare webbl\u00e4sare har den ofta st\u00f6d f\u00f6r s\u00e5 kallad privat surfning eller inkognito-surfning. Det betyder att alla cookies rensas ut varje g\u00e5ng du st\u00e4nger din webbl\u00e4sare.<\/span><\/p>\n<p><span style=\"font-weight: 400;\" id=\"CookieReject\">Om du inte vill till\u00e5ta cookies kan du v\u00e4lja att \u00e4ndra inst\u00e4llningarna i din webbl\u00e4sare s\u00e5 att de inte accepteras. Se webbl\u00e4sarens hj\u00e4lpsidor f\u00f6r mer information. Vissa funktioner p\u00e5 webbplatsen kan p\u00e5verkas om inte cookies till\u00e5ts.<\/span><\/p>\n<p><span style=\"font-weight: 400;\">Cookies anv\u00e4nds \u00e4ven f\u00f6r att f\u00e5 en mer tillf\u00f6rlitlig statistik av bes\u00f6karfl\u00f6den p\u00e5 v\u00e5r sida vilket hj\u00e4lper oss att bibeh\u00e5lla och f\u00f6rb\u00e4ttra den service vi erbjuder. V\u00e5r webbplats anv\u00e4nder Google Analytics fr\u00e5n Google som analysverktyg. Denna tj\u00e4nst anv\u00e4nder sig av cookies, men samlar ingen personligt identifierbar information (IP-adresser maskeras vid insamlingen).<\/span><\/p>\n<p><span style=\"font-weight: 400;\">Du kan l\u00e4sa mer om cookies h\u00e4r: <\/span><a href=\"https:\/\/sv.wikipedia.org\/wiki\/Webbkaka\"><span style=\"font-weight: 400;\">https:\/\/sv.wikipedia.org\/wiki\/Webbkaka<\/span><\/a><\/p>\n<p><b>Hur l\u00e4nge beh\u00e5ller vi din personliga information<\/b><\/p>\n<p><span style=\"font-weight: 400;\">Vi sparar endast dina personuppgifter s\u00e5 l\u00e4nge det \u00e4r relevant f\u00f6r det syfte som det ursprungligen samlades in f\u00f6r. Information kring hur l\u00e4nge vi behandlar dina personuppgifter kommer att ges till dig n\u00e4r vi samlar in dem och erh\u00e5ller ditt samtycke.<\/span><\/p>\n<p><b>Dina personliga r\u00e4ttigheter<\/b><\/p>\n<p><span style=\"font-weight: 400;\">Vi str\u00e4var efter att all den information som vi behandlar ska vara korrekt. Detta g\u00e4ller givetvis \u00e4ven de personuppgifter vi samlar in. F\u00f6r den h\u00e4ndelse n\u00e5gon uppgift visar sig felaktig sker r\u00e4ttelse utan dr\u00f6jsm\u00e5l. Du har givetvis r\u00e4tt att ta del av de uppgifter som vi registrerat om dig. Om du vill ta del av dessa uppgifter eller har andra fr\u00e5gor r\u00f6rande v\u00e5r behandling av personuppgifter ber vi dig kontakta oss via uppgifterna l\u00e4ngst ner. Du har r\u00e4tten att \u00e5terkalla ditt samtycke till behandling av personuppgifter och att f\u00f6rbjuda anv\u00e4ndningen av din personliga information f\u00f6r direkt marknadsf\u00f6ring.<\/span><\/p>\n<p><span style=\"font-weight: 400;\">Du kan n\u00e4r som helst avbryta din prenumeration p\u00e5 v\u00e5rt nyhetsbrev genom att f\u00f6lja anvisningarna l\u00e4ngst ner i varje nyhetsbrev.<\/span><\/p>\n<p><span style=\"font-weight: 400;\">Du har ocks\u00e5 r\u00e4tten att l\u00e4mna eventuella klagom\u00e5l om behandling av dina personuppgifter till den nationella tillsynsmyndigheten Datainspektionen.<\/span><\/p>\n<p>&nbsp;<\/p>\n<p><b>R\u00e4ttslig grund, lagring och gallring av personuppgifter <\/b><\/p>\n<p><span style=\"font-weight: 400;\">I och med att du l\u00e4mnar uppgifter till oss s\u00e5 ger du din till\u00e5telse till att vi registrerar och lagrar uppgifterna samt enbart behandlar de angivna personuppgifterna f\u00f6r angivna \u00e4ndam\u00e5l. Som legal grund f\u00f6r behandling kommer vi att h\u00e4nvisa till uppfyllande av avtal, ber\u00e4ttigat intresse eller samtycke. Om vi anv\u00e4nder oss av ber\u00e4ttigat intresse som grund, kommer det endast att g\u00f6ras i de syften som angetts ovan. <\/span><\/p>\n<p><span style=\"font-weight: 400;\">Observera att du n\u00e4rsomhelst kan \u00e5terkalla ditt samtycke genom att kontakta oss, f\u00f6r kontaktuppgifter se rubriken Hur kontaktar ni oss?. <\/span><\/p>\n<p><span style=\"font-weight: 400;\">Behandlingen sker enligt g\u00e4llande lagstiftning och inneb\u00e4r att personuppgifter inte bevaras under en l\u00e4ngre tid \u00e4n vad som \u00e4r n\u00f6dv\u00e4ndigt med h\u00e4nsyn till \u00e4ndam\u00e5len med behandlingen. Vid all hantering av personuppgifter iakttas alltid h\u00f6g s\u00e4kerhet och sekretess.<\/span><\/p>\n<p><b>L\u00e4nkar till tredje part<\/b><\/p>\n<p><span style=\"font-weight: 400;\">Vi kan publicera eller erbjuda information eller produkter fr\u00e5n tredje part p\u00e5 v\u00e5r hemsida. Dessa tredje parts webbplatser har sina egna, oberoende sekretessregler. Vi tar inget ansvar f\u00f6r inneh\u00e5llet och aktiviteterna p\u00e5 dessa l\u00e4nkade webbplatser.<\/span><\/p>\n<p><b>\u00c4ndringar i denna integritetspolicy<\/b><\/p>\n<p><span style=\"font-weight: 400;\">Vi f\u00f6rbeh\u00e5ller oss r\u00e4tten att uppdatera eller \u00e4ndra denna policy n\u00e4r som helst och du b\u00f6r regelbundet bes\u00f6ka denna webbplats f\u00f6r att f\u00e5 den senaste versionen.<\/span><\/p>\n<p><span style=\"font-weight: 400;\">Senast uppdaterad: 2018-05-19<\/span><\/p>\n<p><b>Hur kontaktar ni oss?<\/b><\/p>\n<p><span style=\"font-weight: 400;\">Om du har n\u00e5gra fr\u00e5gor ang\u00e5ende denna integritetspolicy, v\u00e5r behandling av personuppgifter eller vill kontakta oss ang\u00e5ende dina personuppgifter s\u00e5 h\u00f6r du av dig till oss och ber att f\u00e5 komma i kontakt med den hos oss som \u00e4r dataskyddsansvaring (DPO). <\/span><\/p>\n<p><span style=\"font-weight: 400;\">Kontaktinformation till oss hittar du p\u00e5 v\u00e5r hemsida.<\/span><\/p>\n","protected":false},"excerpt":{"rendered":"<p>Integritetspolicy f\u00f6r Webbvverkstaden.com F\u00f6r oss \u00e4r det viktigt och sj\u00e4lvklart att vi vill skydda din integritet. Denna integritetspolicy f\u00f6rklarar och f\u00f6rtydligar hur vi som personuppgiftsansvarig behandlar v\u00e5ra bes\u00f6kares och kunders personuppgifter. Denna policy g\u00e4ller i situationer d\u00e4r vi behandlar personlig information som samlats in fr\u00e5n n\u00e5gon av v\u00e5ra webbplatser. Genom att anv\u00e4nda v\u00e5r webbplats godk\u00e4nner [&hellip;]<\/p>\n","protected":false},"author":1,"featured_media":0,"parent":0,"menu_order":0,"comment_status":"open","ping_status":"open","template":"","meta":{"_monsterinsights_skip_tracking":false,"_monsterinsights_sitenote_active":false,"_monsterinsights_sitenote_note":"","_monsterinsights_sitenote_category":0,"footnotes":""},"class_list":["post-300","page","type-page","status-publish","hentry","entry"],"yoast_head":"<title>Om personuppgifter, integritet och cookies - Webbverkstaden.com<\/title>\n<meta name=\"description\" content=\"Integritetspolicy f\u00f6r Webbvverkstaden.com F\u00f6r oss \u00e4r det viktigt och sj\u00e4lvklart att vi vill skydda din integritet. Denna integritetspolicy f\u00f6rklarar och\" \/>\n<meta name=\"robots\" content=\"index, follow, max-snippet:-1, max-image-preview:large, max-video-preview:-1\" \/>\n<link rel=\"canonical\" href=\"https:\/\/webbverkstaden.com\/sv\/om-cookies\/\" \/>\n<meta property=\"og:locale\" content=\"sv_SE\" \/>\n<meta property=\"og:type\" content=\"article\" \/>\n<meta property=\"og:title\" content=\"Om personuppgifter, integritet och cookies - Webbverkstaden.com\" \/>\n<meta property=\"og:description\" content=\"Integritetspolicy f\u00f6r Webbvverkstaden.com F\u00f6r oss \u00e4r det viktigt och sj\u00e4lvklart att vi vill skydda din integritet. Denna integritetspolicy f\u00f6rklarar och\" \/>\n<meta property=\"og:url\" content=\"https:\/\/webbverkstaden.com\/sv\/om-cookies\/\" \/>\n<meta property=\"og:site_name\" content=\"Webbverkstaden.com\" \/>\n<meta property=\"article:modified_time\" content=\"2018-10-26T06:00:37+00:00\" \/>\n<meta name=\"twitter:label1\" content=\"Ber\u00e4knad l\u00e4stid\" \/>\n\t<meta name=\"twitter:data1\" content=\"7 minuter\" \/>\n<script type=\"application\/ld+json\" class=\"yoast-schema-graph\">{\"@context\":\"https:\/\/schema.org\",\"@graph\":[{\"@type\":\"WebPage\",\"@id\":\"https:\/\/webbverkstaden.com\/sv\/om-cookies\/\",\"url\":\"https:\/\/webbverkstaden.com\/sv\/om-cookies\/\",\"name\":\"Om personuppgifter, integritet och cookies - Webbverkstaden.com\",\"isPartOf\":{\"@id\":\"https:\/\/webbverkstaden.com\/#website\"},\"datePublished\":\"2015-02-09T20:21:49+00:00\",\"dateModified\":\"2018-10-26T06:00:37+00:00\",\"description\":\"Integritetspolicy f\u00f6r Webbvverkstaden.com F\u00f6r oss \u00e4r det viktigt och sj\u00e4lvklart att vi vill skydda din integritet. Denna integritetspolicy f\u00f6rklarar och\",\"breadcrumb\":{\"@id\":\"https:\/\/webbverkstaden.com\/sv\/om-cookies\/#breadcrumb\"},\"inLanguage\":\"sv-SE\",\"potentialAction\":[{\"@type\":\"ReadAction\",\"target\":[\"https:\/\/webbverkstaden.com\/sv\/om-cookies\/\"]}]},{\"@type\":\"BreadcrumbList\",\"@id\":\"https:\/\/webbverkstaden.com\/sv\/om-cookies\/#breadcrumb\",\"itemListElement\":[{\"@type\":\"ListItem\",\"position\":1,\"name\":\"Home\",\"item\":\"https:\/\/webbverkstaden.com\/\"},{\"@type\":\"ListItem\",\"position\":2,\"name\":\"Om personuppgifter, integritet och cookies\"}]},{\"@type\":\"WebSite\",\"@id\":\"https:\/\/webbverkstaden.com\/#website\",\"url\":\"https:\/\/webbverkstaden.com\/\",\"name\":\"Webbverkstaden.com\",\"description\":\"Webbutveckling f\u00f6r viktiga verksamheter - Vi erbjuder kostnadseffektiva l\u00f6sningar f\u00f6r att bygga din nya webbplats, eller bygga om din nuvarande hemsida med senaste teknik och design.\",\"potentialAction\":[{\"@type\":\"SearchAction\",\"target\":{\"@type\":\"EntryPoint\",\"urlTemplate\":\"https:\/\/webbverkstaden.com\/?s={search_term_string}\"},\"query-input\":{\"@type\":\"PropertyValueSpecification\",\"valueRequired\":true,\"valueName\":\"search_term_string\"}}],\"inLanguage\":\"sv-SE\"}]}<\/script>","yoast_head_json":{"title":"Om personuppgifter, integritet och cookies - Webbverkstaden.com","description":"Integritetspolicy f\u00f6r Webbvverkstaden.com F\u00f6r oss \u00e4r det viktigt och sj\u00e4lvklart att vi vill skydda din integritet. Denna integritetspolicy f\u00f6rklarar och","robots":{"index":"index","follow":"follow","max-snippet":"max-snippet:-1","max-image-preview":"max-image-preview:large","max-video-preview":"max-video-preview:-1"},"canonical":"https:\/\/webbverkstaden.com\/sv\/om-cookies\/","og_locale":"sv_SE","og_type":"article","og_title":"Om personuppgifter, integritet och cookies - Webbverkstaden.com","og_description":"Integritetspolicy f\u00f6r Webbvverkstaden.com F\u00f6r oss \u00e4r det viktigt och sj\u00e4lvklart att vi vill skydda din integritet. Denna integritetspolicy f\u00f6rklarar och","og_url":"https:\/\/webbverkstaden.com\/sv\/om-cookies\/","og_site_name":"Webbverkstaden.com","article_modified_time":"2018-10-26T06:00:37+00:00","twitter_misc":{"Ber\u00e4knad l\u00e4stid":"7 minuter"},"schema":{"@context":"https:\/\/schema.org","@graph":[{"@type":"WebPage","@id":"https:\/\/webbverkstaden.com\/sv\/om-cookies\/","url":"https:\/\/webbverkstaden.com\/sv\/om-cookies\/","name":"Om personuppgifter, integritet och cookies - Webbverkstaden.com","isPartOf":{"@id":"https:\/\/webbverkstaden.com\/#website"},"datePublished":"2015-02-09T20:21:49+00:00","dateModified":"2018-10-26T06:00:37+00:00","description":"Integritetspolicy f\u00f6r Webbvverkstaden.com F\u00f6r oss \u00e4r det viktigt och sj\u00e4lvklart att vi vill skydda din integritet. Denna integritetspolicy f\u00f6rklarar och","breadcrumb":{"@id":"https:\/\/webbverkstaden.com\/sv\/om-cookies\/#breadcrumb"},"inLanguage":"sv-SE","potentialAction":[{"@type":"ReadAction","target":["https:\/\/webbverkstaden.com\/sv\/om-cookies\/"]}]},{"@type":"BreadcrumbList","@id":"https:\/\/webbverkstaden.com\/sv\/om-cookies\/#breadcrumb","itemListElement":[{"@type":"ListItem","position":1,"name":"Home","item":"https:\/\/webbverkstaden.com\/"},{"@type":"ListItem","position":2,"name":"Om personuppgifter, integritet och cookies"}]},{"@type":"WebSite","@id":"https:\/\/webbverkstaden.com\/#website","url":"https:\/\/webbverkstaden.com\/","name":"Webbverkstaden.com","description":"Webbutveckling f\u00f6r viktiga verksamheter - Vi erbjuder kostnadseffektiva l\u00f6sningar f\u00f6r att bygga din nya webbplats, eller bygga om din nuvarande hemsida med senaste teknik och design.","potentialAction":[{"@type":"SearchAction","target":{"@type":"EntryPoint","urlTemplate":"https:\/\/webbverkstaden.com\/?s={search_term_string}"},"query-input":{"@type":"PropertyValueSpecification","valueRequired":true,"valueName":"search_term_string"}}],"inLanguage":"sv-SE"}]}},"_links":{"self":[{"href":"https:\/\/webbverkstaden.com\/sv\/wp-json\/wp\/v2\/pages\/300","targetHints":{"allow":["GET"]}}],"collection":[{"href":"https:\/\/webbverkstaden.com\/sv\/wp-json\/wp\/v2\/pages"}],"about":[{"href":"https:\/\/webbverkstaden.com\/sv\/wp-json\/wp\/v2\/types\/page"}],"author":[{"embeddable":true,"href":"https:\/\/webbverkstaden.com\/sv\/wp-json\/wp\/v2\/users\/1"}],"replies":[{"embeddable":true,"href":"https:\/\/webbverkstaden.com\/sv\/wp-json\/wp\/v2\/comments?post=300"}],"version-history":[{"count":5,"href":"https:\/\/webbverkstaden.com\/sv\/wp-json\/wp\/v2\/pages\/300\/revisions"}],"predecessor-version":[{"id":526,"href":"https:\/\/webbverkstaden.com\/sv\/wp-json\/wp\/v2\/pages\/300\/revisions\/526"}],"wp:attachment":[{"href":"https:\/\/webbverkstaden.com\/sv\/wp-json\/wp\/v2\/media?parent=300"}],"curies":[{"name":"wp","href":"https:\/\/api.w.org\/{rel}","templated":true}]}}