{"id":59,"date":"2013-03-27T14:43:33","date_gmt":"2013-03-27T14:43:33","guid":{"rendered":"http:\/\/localhost\/site_hub\/?page_id=59"},"modified":"2015-01-30T12:02:02","modified_gmt":"2015-01-30T12:02:02","slug":"om-oss","status":"publish","type":"page","link":"https:\/\/webbverkstaden.com\/sv\/om-oss\/","title":{"rendered":"Om oss"},"content":{"rendered":"<p>Webbverkstaden bygger och utvecklar webbplatser, samt \u00e5tar sig konsultuppdrag kring IT- och webbtj\u00e4nster som v\u00e4cker v\u00e5rt intresse. Vi \u00e4r en del av <a href=\"http:\/\/tidsverkstaden.se\" target=\"_blank\">F\u00f6reningen Tidsverkstaden<\/a>* och vi vill med v\u00e5r verksamhet bidra till samma schyssta m\u00e5ls\u00e4ttning: <em>att fr\u00e4mja en l\u00e5ngsiktigt h\u00e5llbar livskvalitet och samh\u00e4llsutveckling.<\/em><\/p>\n<p>F\u00f6r oss inneb\u00e4r detta att vi helst jobbar med verksamheter och f\u00f6retag som vi tycker bidrar till och\/eller h\u00f6r hemma inom ramarna f\u00f6r en h\u00e5llbar utveckling av samh\u00e4lle och livskvalitet. Vi vill bidra till dessa verksamheter och f\u00f6retag genom att erbjuda webbutveckling till rimliga priser och med syftet att varje webbplats vi bygger skall stimulera och utveckla verksamhetens kreativitet och n\u00e4rvaro p\u00e5 webben.<\/p>\n<p>Webbverkstaden startade sin verksamhet 2008 och drivs av Olov Agn\u00e9 som har en bred bakgrund inom teknik, kommunikation och samh\u00e4llsengagemang. Vi bedriver de flesta av v\u00e5ra projekt och uppdrag i samarbete med partners fr\u00e5n v\u00e5rt n\u00e4tverk av designers, utvecklare, programmerare, skribenter och kommunikat\u00f6rer. Detta g\u00f6r att vi har resurser och kompetens f\u00f6r webbprojekt av varierande storlek och komplexitet.<\/p>\n<p>Du kan l\u00e4sa mer om hur vi jobbar under respektive rubrik ovan. Exempel p\u00e5 webbplatser vi byggt finns under <a href=\"https:\/\/webbverkstaden.com\/sv\/portfolio\/\">Portfolio<\/a>. Vill du veta mer och komma i kontakt med oss finns allt du beh\u00f6ver veta under <a href=\"https:\/\/webbverkstaden.com\/sv\/kontakt\/\">Kontakt<\/a>.<\/p>\n<p>* <a href=\"http:\/\/tidsverkstaden.se\">F\u00f6reningen Tidsverkstaden<\/a> \u00e4r en ekonomisk f\u00f6rening som sedan mer \u00e4n 10 \u00e5r tillbaka &#8221;<em>medverkar i och iscens\u00e4tter aktiviteter och projekt som kan bidra till f\u00f6rb\u00e4ttrade f\u00f6rh\u00e5llanden p\u00e5 arbetsplatser i offentliga och ideella sektorn &#8230; stimulerar reflektion och handling i riktning mot h\u00e5llbar livskvalitet &#8230;\u00a0 engagerar oss i aktiviteter som kan leda till en mer m\u00e4nsklig och h\u00e5llbar samh\u00e4llsutveckling.&#8221;<\/em><\/p>\n","protected":false},"excerpt":{"rendered":"<p>Webbverkstaden bygger och utvecklar webbplatser, samt \u00e5tar sig konsultuppdrag kring IT- och webbtj\u00e4nster som v\u00e4cker v\u00e5rt intresse. Vi \u00e4r en del av F\u00f6reningen Tidsverkstaden* och vi vill med v\u00e5r verksamhet bidra till samma schyssta m\u00e5ls\u00e4ttning: att fr\u00e4mja en l\u00e5ngsiktigt h\u00e5llbar livskvalitet och samh\u00e4llsutveckling. F\u00f6r oss inneb\u00e4r detta att vi helst jobbar med verksamheter och f\u00f6retag [&hellip;]<\/p>\n","protected":false},"author":1,"featured_media":0,"parent":0,"menu_order":0,"comment_status":"open","ping_status":"open","template":"","meta":{"_monsterinsights_skip_tracking":false,"_monsterinsights_sitenote_active":false,"_monsterinsights_sitenote_note":"","_monsterinsights_sitenote_category":0,"footnotes":""},"class_list":["post-59","page","type-page","status-publish","hentry","entry"],"yoast_head":"<title>Om oss - Webbverkstaden.com<\/title>\n<meta name=\"description\" content=\"Webbverkstaden bygger och utvecklar webbplatser, samt \u00e5tar sig konsultuppdrag kring IT- och webbtj\u00e4nster som v\u00e4cker v\u00e5rt intresse. Vi \u00e4r en del av\" \/>\n<meta name=\"robots\" content=\"index, follow, max-snippet:-1, max-image-preview:large, max-video-preview:-1\" \/>\n<link rel=\"canonical\" href=\"https:\/\/webbverkstaden.com\/sv\/om-oss\/\" \/>\n<meta property=\"og:locale\" content=\"sv_SE\" \/>\n<meta property=\"og:type\" content=\"article\" \/>\n<meta property=\"og:title\" content=\"Om oss - Webbverkstaden.com\" \/>\n<meta property=\"og:description\" content=\"Webbverkstaden bygger och utvecklar webbplatser, samt \u00e5tar sig konsultuppdrag kring IT- och webbtj\u00e4nster som v\u00e4cker v\u00e5rt intresse. Vi \u00e4r en del av\" \/>\n<meta property=\"og:url\" content=\"https:\/\/webbverkstaden.com\/sv\/om-oss\/\" \/>\n<meta property=\"og:site_name\" content=\"Webbverkstaden.com\" \/>\n<meta property=\"article:modified_time\" content=\"2015-01-30T12:02:02+00:00\" \/>\n<meta name=\"twitter:label1\" content=\"Ber\u00e4knad l\u00e4stid\" \/>\n\t<meta name=\"twitter:data1\" content=\"1 minut\" \/>\n<script type=\"application\/ld+json\" class=\"yoast-schema-graph\">{\"@context\":\"https:\/\/schema.org\",\"@graph\":[{\"@type\":\"WebPage\",\"@id\":\"https:\/\/webbverkstaden.com\/sv\/om-oss\/\",\"url\":\"https:\/\/webbverkstaden.com\/sv\/om-oss\/\",\"name\":\"Om oss - Webbverkstaden.com\",\"isPartOf\":{\"@id\":\"https:\/\/webbverkstaden.com\/#website\"},\"datePublished\":\"2013-03-27T14:43:33+00:00\",\"dateModified\":\"2015-01-30T12:02:02+00:00\",\"description\":\"Webbverkstaden bygger och utvecklar webbplatser, samt \u00e5tar sig konsultuppdrag kring IT- och webbtj\u00e4nster som v\u00e4cker v\u00e5rt intresse. Vi \u00e4r en del av\",\"breadcrumb\":{\"@id\":\"https:\/\/webbverkstaden.com\/sv\/om-oss\/#breadcrumb\"},\"inLanguage\":\"sv-SE\",\"potentialAction\":[{\"@type\":\"ReadAction\",\"target\":[\"https:\/\/webbverkstaden.com\/sv\/om-oss\/\"]}]},{\"@type\":\"BreadcrumbList\",\"@id\":\"https:\/\/webbverkstaden.com\/sv\/om-oss\/#breadcrumb\",\"itemListElement\":[{\"@type\":\"ListItem\",\"position\":1,\"name\":\"Home\",\"item\":\"https:\/\/webbverkstaden.com\/\"},{\"@type\":\"ListItem\",\"position\":2,\"name\":\"Om oss\"}]},{\"@type\":\"WebSite\",\"@id\":\"https:\/\/webbverkstaden.com\/#website\",\"url\":\"https:\/\/webbverkstaden.com\/\",\"name\":\"Webbverkstaden.com\",\"description\":\"Webbutveckling f\u00f6r viktiga verksamheter - Vi erbjuder kostnadseffektiva l\u00f6sningar f\u00f6r att bygga din nya webbplats, eller bygga om din nuvarande hemsida med senaste teknik och design.\",\"potentialAction\":[{\"@type\":\"SearchAction\",\"target\":{\"@type\":\"EntryPoint\",\"urlTemplate\":\"https:\/\/webbverkstaden.com\/?s={search_term_string}\"},\"query-input\":{\"@type\":\"PropertyValueSpecification\",\"valueRequired\":true,\"valueName\":\"search_term_string\"}}],\"inLanguage\":\"sv-SE\"}]}<\/script>","yoast_head_json":{"title":"Om oss - Webbverkstaden.com","description":"Webbverkstaden bygger och utvecklar webbplatser, samt \u00e5tar sig konsultuppdrag kring IT- och webbtj\u00e4nster som v\u00e4cker v\u00e5rt intresse. Vi \u00e4r en del av","robots":{"index":"index","follow":"follow","max-snippet":"max-snippet:-1","max-image-preview":"max-image-preview:large","max-video-preview":"max-video-preview:-1"},"canonical":"https:\/\/webbverkstaden.com\/sv\/om-oss\/","og_locale":"sv_SE","og_type":"article","og_title":"Om oss - Webbverkstaden.com","og_description":"Webbverkstaden bygger och utvecklar webbplatser, samt \u00e5tar sig konsultuppdrag kring IT- och webbtj\u00e4nster som v\u00e4cker v\u00e5rt intresse. Vi \u00e4r en del av","og_url":"https:\/\/webbverkstaden.com\/sv\/om-oss\/","og_site_name":"Webbverkstaden.com","article_modified_time":"2015-01-30T12:02:02+00:00","twitter_misc":{"Ber\u00e4knad l\u00e4stid":"1 minut"},"schema":{"@context":"https:\/\/schema.org","@graph":[{"@type":"WebPage","@id":"https:\/\/webbverkstaden.com\/sv\/om-oss\/","url":"https:\/\/webbverkstaden.com\/sv\/om-oss\/","name":"Om oss - Webbverkstaden.com","isPartOf":{"@id":"https:\/\/webbverkstaden.com\/#website"},"datePublished":"2013-03-27T14:43:33+00:00","dateModified":"2015-01-30T12:02:02+00:00","description":"Webbverkstaden bygger och utvecklar webbplatser, samt \u00e5tar sig konsultuppdrag kring IT- och webbtj\u00e4nster som v\u00e4cker v\u00e5rt intresse. Vi \u00e4r en del av","breadcrumb":{"@id":"https:\/\/webbverkstaden.com\/sv\/om-oss\/#breadcrumb"},"inLanguage":"sv-SE","potentialAction":[{"@type":"ReadAction","target":["https:\/\/webbverkstaden.com\/sv\/om-oss\/"]}]},{"@type":"BreadcrumbList","@id":"https:\/\/webbverkstaden.com\/sv\/om-oss\/#breadcrumb","itemListElement":[{"@type":"ListItem","position":1,"name":"Home","item":"https:\/\/webbverkstaden.com\/"},{"@type":"ListItem","position":2,"name":"Om oss"}]},{"@type":"WebSite","@id":"https:\/\/webbverkstaden.com\/#website","url":"https:\/\/webbverkstaden.com\/","name":"Webbverkstaden.com","description":"Webbutveckling f\u00f6r viktiga verksamheter - Vi erbjuder kostnadseffektiva l\u00f6sningar f\u00f6r att bygga din nya webbplats, eller bygga om din nuvarande hemsida med senaste teknik och design.","potentialAction":[{"@type":"SearchAction","target":{"@type":"EntryPoint","urlTemplate":"https:\/\/webbverkstaden.com\/?s={search_term_string}"},"query-input":{"@type":"PropertyValueSpecification","valueRequired":true,"valueName":"search_term_string"}}],"inLanguage":"sv-SE"}]}},"_links":{"self":[{"href":"https:\/\/webbverkstaden.com\/sv\/wp-json\/wp\/v2\/pages\/59","targetHints":{"allow":["GET"]}}],"collection":[{"href":"https:\/\/webbverkstaden.com\/sv\/wp-json\/wp\/v2\/pages"}],"about":[{"href":"https:\/\/webbverkstaden.com\/sv\/wp-json\/wp\/v2\/types\/page"}],"author":[{"embeddable":true,"href":"https:\/\/webbverkstaden.com\/sv\/wp-json\/wp\/v2\/users\/1"}],"replies":[{"embeddable":true,"href":"https:\/\/webbverkstaden.com\/sv\/wp-json\/wp\/v2\/comments?post=59"}],"version-history":[{"count":5,"href":"https:\/\/webbverkstaden.com\/sv\/wp-json\/wp\/v2\/pages\/59\/revisions"}],"predecessor-version":[{"id":289,"href":"https:\/\/webbverkstaden.com\/sv\/wp-json\/wp\/v2\/pages\/59\/revisions\/289"}],"wp:attachment":[{"href":"https:\/\/webbverkstaden.com\/sv\/wp-json\/wp\/v2\/media?parent=59"}],"curies":[{"name":"wp","href":"https:\/\/api.w.org\/{rel}","templated":true}]}}