{"id":65,"date":"2013-02-16T21:00:27","date_gmt":"2013-02-16T21:00:27","guid":{"rendered":"http:\/\/localhost\/site_hub\/?page_id=65"},"modified":"2013-04-01T22:30:31","modified_gmt":"2013-04-01T22:30:31","slug":"portfolio","status":"publish","type":"page","link":"https:\/\/webbverkstaden.com\/sv\/portfolio\/","title":{"rendered":"Portf\u00f6lj"},"content":{"rendered":"<div class=\"afp-clear\"><\/div>\r\n\t\t<div id=\"afp-container\"><ul id=\"afp-filter\">\r\n        <li class=\"afp-active-cat\"><a href=\"#\" class=\"All\">All<\/a><\/li><li><a href=\"#\" class=\"ConsultancyworkwebIT\">Consultancy work web\/IT <\/a><\/li><li><a href=\"#\" class=\"WordPress\">WordPress<\/a><\/li><li><a href=\"#\" class=\"Joomla\">Joomla<\/a><\/li><li><a href=\"#\" class=\"Other\">Other<\/a><\/li><\/ul><ul class=\"afp-items\"><li class=\"afp-single-item\" data-id=\"id-1\" data-type=\"WordPress\">\r\n                <a class=\"colorbox\" title=\"EditK hj\u00e4lper sina kunder med kommunikationsl\u00f6sningar och varum\u00e4rkesstrategier\r\ninom olika branscher. <br  \/><br \/>Klicka p\u00e5 bakgrundsbilden f\u00f6r att bes\u00f6ka sajten!\" href=\"https:\/\/webbverkstaden.com\/wp-content\/uploads\/2019\/09\/editk-2019.jpg\"><img decoding=\"async\" alt=\"\" class=\"img-link-initial\" src=\"https:\/\/webbverkstaden.com\/wp-content\/uploads\/2015\/01\/k-logo3.jpg\"><\/a><br \/>\r\n                <ul class=\"afp-item-details\"><li><strong>EditK<\/strong><\/li><li>EditK - mycket mer \u00e4n PR<\/li><li>04\/01\/2013<\/li><li><a target=\"_new\" href=\"http:\/\/www.editk.se\">Project Link<\/a><\/li><\/ul>\r\n            <\/li><li class=\"afp-single-item\" data-id=\"id-2\" data-type=\"WordPress\">\r\n                <a class=\"colorbox\" title=\"\" href=\"\/wp-content\/uploads\/2013\/04\/openspace-800px.jpg\"><img decoding=\"async\" alt=\"\" class=\"img-link-initial\" src=\"\/wp-content\/uploads\/2013\/04\/os-190px.png\"><\/a><br \/>\r\n                <ul class=\"afp-item-details\"><li><strong>Openspace <\/strong><\/li><li>Openspace Consulting<\/li><li>02\/01\/2013<\/li><li><a target=\"_new\" href=\"http:\/\/www.openspaceconsulting.com\">Project Link<\/a><\/li><\/ul>\r\n            <\/li><li class=\"afp-single-item\" data-id=\"id-3\" data-type=\"WordPress\">\r\n                <a class=\"colorbox\" title=\"\" href=\"\/wp-content\/uploads\/2013\/04\/tidsverks-800px.jpg\"><img decoding=\"async\" alt=\"\" class=\"img-link-initial\" src=\"\/wp-content\/uploads\/2013\/04\/tidsverkstaden-190px1.png\"><\/a><br \/>\r\n                <ul class=\"afp-item-details\"><li><strong>Tidsverkstaden.se<\/strong><\/li><li>Tidsverkstaden<\/li><li>12\/01\/2010<\/li><li><a target=\"_new\" href=\"http:\/\/tidsverkstaden.se\/\">Project Link<\/a><\/li><\/ul>\r\n            <\/li><li class=\"afp-single-item\" data-id=\"id-4\" data-type=\"WordPress\">\r\n                <a class=\"colorbox\" title=\"\" href=\"\/wp-content\/uploads\/2013\/04\/kerstin800px.jpg\"><img decoding=\"async\" alt=\"\" class=\"img-link-initial\" src=\"\/wp-content\/uploads\/2013\/04\/kerstin-190px.png\"><\/a><br \/>\r\n                <ul class=\"afp-item-details\"><li><strong>Lundberghahn.se<\/strong><\/li><li>Kerstin Lundberg Hahn<\/li><li>07\/13\/2011<\/li><li><a target=\"_new\" href=\"http:\/\/lundberghahn.se\/\">Project Link<\/a><\/li><\/ul>\r\n            <\/li><li class=\"afp-single-item\" data-id=\"id-5\" data-type=\"WordPress\">\r\n                <a class=\"colorbox\" title=\"\" href=\"\/wp-content\/uploads\/2013\/04\/ecology800px.jpg\"><img decoding=\"async\" alt=\"\" class=\"img-link-initial\" src=\"\/wp-content\/uploads\/2013\/04\/ecology190px.png\"><\/a><br \/>\r\n                <ul class=\"afp-item-details\"><li><strong>Ecologyandpioneering.com<\/strong><\/li><li>Ecology and Pioneering<\/li><li>07\/13\/2011<\/li><li><a target=\"_new\" href=\"http:\/\/ecologyandpioneering.com\/\">Project Link<\/a><\/li><\/ul>\r\n            <\/li><li class=\"afp-single-item\" data-id=\"id-6\" data-type=\"WordPress\">\r\n                <a class=\"colorbox\" title=\"\" href=\"\/wp-content\/uploads\/2013\/04\/malin800px.jpg\"><img decoding=\"async\" alt=\"\" class=\"img-link-initial\" src=\"\/wp-content\/uploads\/2013\/04\/malin190px.png\"><\/a><br \/>\r\n                <ul class=\"afp-item-details\"><li><strong>Malin Stehn<\/strong><\/li><li>Malin Stehn<\/li><li>08\/27\/2011<\/li><li><a target=\"_new\" href=\"http:\/\/malinstehn.se\">Project Link<\/a><\/li><\/ul>\r\n            <\/li><li class=\"afp-single-item\" data-id=\"id-7\" data-type=\"WordPress\">\r\n                <a class=\"colorbox\" title=\"\" href=\"\/wp-content\/uploads\/2013\/04\/ledarskap800px.jpg\"><img decoding=\"async\" alt=\"\" class=\"img-link-initial\" src=\"\/wp-content\/uploads\/2013\/04\/ledarskap190px.png\"><\/a><br \/>\r\n                <ul class=\"afp-item-details\"><li><strong>Ledarskap & F\u00f6rnyelse<\/strong><\/li><li>Ledarskap & F\u00f6rnyelse<\/li><li>04\/01\/2013<\/li><li><a target=\"_new\" href=\"http:\/\/ledarskapfornyelse.se\/\">Project Link<\/a><\/li><\/ul>\r\n            <\/li><li class=\"afp-single-item\" data-id=\"id-8\" data-type=\"ConsultancyworkwebIT\">\r\n                <a class=\"colorbox\" title=\"\" href=\"\/wp-content\/uploads\/2013\/04\/realstars800px.jpg\"><img decoding=\"async\" alt=\"\" class=\"img-link-initial\" src=\"\/wp-content\/uploads\/2013\/04\/realstars190px.png\"><\/a><br \/>\r\n                <ul class=\"afp-item-details\"><li><strong>RealStars -  For fair sex<\/strong><\/li><li>RealStars<\/li><li>04\/01\/2013<\/li><li><a target=\"_new\" href=\"http:\/\/realstars.eu\/\">Project Link<\/a><\/li><\/ul>\r\n            <\/li><li class=\"afp-single-item\" data-id=\"id-9\" data-type=\"ConsultancyworkwebIT\">\r\n                <a class=\"colorbox\" title=\"\" href=\"\/wp-content\/uploads\/2013\/04\/milgraf800px.jpg\"><img decoding=\"async\" alt=\"\" class=\"img-link-initial\" src=\"\/wp-content\/uploads\/2013\/04\/milgraf190px.png\"><\/a><br \/>\r\n                <ul class=\"afp-item-details\"><li><strong>Milj\u00f6giraff<\/strong><\/li><li>Milj\u00f6giraff<\/li><li>04\/01\/2013<\/li><li><a target=\"_new\" href=\"http:\/\/www.miljogiraff.se\/\">Project Link<\/a><\/li><\/ul>\r\n            <\/li><li class=\"afp-single-item\" data-id=\"id-10\" data-type=\"Other\">\r\n                <a class=\"colorbox\" title=\"\" href=\"\/wp-content\/uploads\/2013\/04\/lusthuset190px.jpg\"><img decoding=\"async\" alt=\"\" class=\"img-link-initial\" src=\"\/wp-content\/uploads\/2013\/04\/lusthuset190px.png\"><\/a><br \/>\r\n                <ul class=\"afp-item-details\"><li><strong>Lusthuset <\/strong><\/li><li>Lusthuset<\/li><li>04\/02\/2013<\/li><li><a target=\"_new\" href=\"http:\/\/lusthuset.tidsverkstaden.se\/\">Project Link<\/a><\/li><\/ul>\r\n            <\/li><li class=\"afp-single-item\" data-id=\"id-11\" data-type=\"WordPress\">\r\n                <a class=\"colorbox\" title=\"\" href=\"https:\/\/webbverkstaden.com\/wp-content\/uploads\/2018\/01\/onh.jpg\"><img decoding=\"async\" alt=\"\" class=\"img-link-initial\" src=\"https:\/\/webbverkstaden.com\/wp-content\/uploads\/2015\/01\/onhlogo.png\"><\/a><br \/>\r\n                <ul class=\"afp-item-details\"><li><strong>\u00d6NH-institutet<\/strong><\/li><li>\u00d6NH-institutet<\/li><li>01\/01\/2015<\/li><li><a target=\"_new\" href=\"https:\/\/onhinstitutet.se\/\">Project Link<\/a><\/li><\/ul>\r\n            <\/li><li class=\"afp-single-item\" data-id=\"id-12\" data-type=\"ConsultancyworkwebIT\">\r\n                <a class=\"colorbox\" title=\"\" href=\"https:\/\/webbverkstaden.com\/wp-content\/uploads\/2015\/01\/Start-Mistra-Urban-Futures.jpg\"><img decoding=\"async\" alt=\"\" class=\"img-link-initial\" src=\"https:\/\/webbverkstaden.com\/wp-content\/uploads\/2015\/01\/header-logo-sprite.jpg\"><\/a><br \/>\r\n                <ul class=\"afp-item-details\"><li><strong>Mistra Urban Futures <\/strong><\/li><li>Mistra<\/li><li>01\/01\/2015<\/li><li><a target=\"_new\" href=\"http:\/\/www.mistraurbanfutures.org\/\">Project Link<\/a><\/li><\/ul>\r\n            <\/li><li class=\"afp-single-item\" data-id=\"id-13\" data-type=\"ConsultancyworkwebIT\">\r\n                <a class=\"colorbox\" title=\"\" href=\"https:\/\/webbverkstaden.com\/wp-content\/uploads\/2015\/01\/SimaPro-LCA-Software.jpg\"><img decoding=\"async\" alt=\"\" class=\"img-link-initial\" src=\"https:\/\/webbverkstaden.com\/wp-content\/uploads\/2015\/01\/head2.jpg\"><\/a><br \/>\r\n                <ul class=\"afp-item-details\"><li><strong>SimaPro - LCA Software<\/strong><\/li><li>Milj\u00f6giraff<\/li><li>01\/01\/2015<\/li><li><a target=\"_new\" href=\"http:\/\/simapro.se\/\">Project Link<\/a><\/li><\/ul>\r\n            <\/li><li class=\"afp-single-item\" data-id=\"id-14\" data-type=\"ConsultancyworkwebIT\">\r\n                <a class=\"colorbox\" title=\"\" href=\"https:\/\/webbverkstaden.com\/wp-content\/uploads\/2015\/01\/Ekocentrum1.jpg\"><img decoding=\"async\" alt=\"\" class=\"img-link-initial\" src=\"https:\/\/webbverkstaden.com\/wp-content\/uploads\/2015\/01\/ekocentrum-logo.jpg\"><\/a><br \/>\r\n                <ul class=\"afp-item-details\"><li><strong>Ekocentrum<\/strong><\/li><li>Ekocentrum<\/li><li>01\/01\/2015<\/li><li><a target=\"_new\" href=\"http:\/\/www.ekocentrum.se\/\">Project Link<\/a><\/li><\/ul>\r\n            <\/li><li class=\"afp-single-item\" data-id=\"id-15\" data-type=\"ConsultancyworkwebIT\">\r\n                <a class=\"colorbox\" title=\"\" href=\"https:\/\/webbverkstaden.com\/wp-content\/uploads\/2015\/01\/Verdana.jpg\"><img decoding=\"async\" alt=\"\" class=\"img-link-initial\" src=\"https:\/\/webbverkstaden.com\/wp-content\/uploads\/2015\/01\/verdanalogo1.jpg\"><\/a><br \/>\r\n                <ul class=\"afp-item-details\"><li><strong>Verdana<\/strong><\/li><li>Verdana<\/li><li>01\/01\/2015<\/li><li><a target=\"_new\" href=\"http:\/\/verdana.se\/\">Project Link<\/a><\/li><\/ul>\r\n            <\/li><li class=\"afp-single-item\" data-id=\"id-16\" data-type=\"WordPress\">\r\n                <a class=\"colorbox\" title=\"\" href=\"https:\/\/webbverkstaden.com\/wp-content\/uploads\/2015\/01\/truefit.jpg\"><img decoding=\"async\" alt=\"\" class=\"img-link-initial\" src=\"https:\/\/webbverkstaden.com\/wp-content\/uploads\/2015\/01\/TrueFitLogo-v2.jpg\"><\/a><br \/>\r\n                <ul class=\"afp-item-details\"><li><strong>TrueFit Denim<\/strong><\/li><li>Graphera Publishing<\/li><li>02\/01\/2015<\/li><li><a target=\"_new\" href=\"http:\/\/truefitdenim.com\/\">Project Link<\/a><\/li><\/ul>\r\n            <\/li><li class=\"afp-single-item\" data-id=\"id-17\" data-type=\"WordPress\">\r\n                <a class=\"colorbox\" title=\"\" href=\"https:\/\/webbverkstaden.com\/wp-content\/uploads\/2015\/01\/butterfly.se_.jpg\"><img decoding=\"async\" alt=\"\" class=\"img-link-initial\" src=\"https:\/\/webbverkstaden.com\/wp-content\/uploads\/2015\/01\/butterfly-logo.jpg\"><\/a><br \/>\r\n                <ul class=\"afp-item-details\"><li><strong>Butterfly.se<\/strong><\/li><li>Butterfly R&C<\/li><li>01\/01\/2015<\/li><li><a target=\"_new\" href=\"http:\/\/butterfly.se\/\">Project Link<\/a><\/li><\/ul>\r\n            <\/li><li class=\"afp-single-item\" data-id=\"id-18\" data-type=\"WordPress\">\r\n                <a class=\"colorbox\" title=\"\" href=\"https:\/\/webbverkstaden.com\/wp-content\/uploads\/2015\/01\/LeWa-Livsbalans-Lena-Warberg.jpg\"><img decoding=\"async\" alt=\"\" class=\"img-link-initial\" src=\"https:\/\/webbverkstaden.com\/wp-content\/uploads\/2015\/01\/cropped-lewa-logga-21.jpg\"><\/a><br \/>\r\n                <ul class=\"afp-item-details\"><li><strong>Lewa Livsbalans<\/strong><\/li><li>Lewa Livsbalans<\/li><li>01\/01\/2015<\/li><li><a target=\"_new\" href=\"http:\/\/lewa-livsbalans.se\/\">Project Link<\/a><\/li><\/ul>\r\n            <\/li><li class=\"afp-single-item\" data-id=\"id-19\" data-type=\"WordPress\">\r\n                <a class=\"colorbox\" title=\"Branschneutral tidning f\u00f6r Sveriges fastighetsm\u00e4klare\" href=\"https:\/\/webbverkstaden.com\/wp-content\/uploads\/2018\/01\/maklarvarlden.jpg\"><img decoding=\"async\" alt=\"\" class=\"img-link-initial\" src=\"https:\/\/webbverkstaden.com\/wp-content\/uploads\/2018\/01\/Maklarvarlden-thumb.png\"><\/a><br \/>\r\n                <ul class=\"afp-item-details\"><li><strong>M\u00e4klarv\u00e4rlden<\/strong><\/li><li>Perssons f\u00f6rlag AB<\/li><li>05\/01\/2017<\/li><li><a target=\"_new\" href=\"https:\/\/maklarvarlden.se\/\">Project Link<\/a><\/li><\/ul>\r\n            <\/li><li class=\"afp-single-item\" data-id=\"id-20\" data-type=\"WordPress\">\r\n                <a class=\"colorbox\" title=\"\" href=\"https:\/\/webbverkstaden.com\/wp-content\/uploads\/2018\/01\/aktuellsakerhet.jpg\"><img decoding=\"async\" alt=\"\" class=\"img-link-initial\" src=\"https:\/\/webbverkstaden.com\/wp-content\/uploads\/2018\/01\/as_logo3-1.png\"><\/a><br \/>\r\n                <ul class=\"afp-item-details\"><li><strong>Aktuell S\u00e4kerhet<\/strong><\/li><li> Perssons Forlag<\/li><li>08\/01\/2016<\/li><li><a target=\"_new\" href=\"https:\/\/aktuellsakerhet.se\/\">Project Link<\/a><\/li><\/ul>\r\n            <\/li><\/ul>\r\n\t\t\t\r\n    <\/div>\r\n    \r\n    <div class=\"afp-clear\"><\/div>\n","protected":false},"excerpt":{"rendered":"","protected":false},"author":1,"featured_media":0,"parent":0,"menu_order":0,"comment_status":"open","ping_status":"open","template":"","meta":{"_monsterinsights_skip_tracking":false,"_monsterinsights_sitenote_active":false,"_monsterinsights_sitenote_note":"","_monsterinsights_sitenote_category":0,"footnotes":""},"class_list":["post-65","page","type-page","status-publish","hentry","entry"],"yoast_head":"<title>Portf\u00f6lj - Webbverkstaden.com<\/title>\n<meta name=\"robots\" content=\"index, follow, max-snippet:-1, max-image-preview:large, max-video-preview:-1\" \/>\n<link rel=\"canonical\" href=\"https:\/\/webbverkstaden.com\/sv\/portfolio\/\" \/>\n<meta property=\"og:locale\" content=\"sv_SE\" \/>\n<meta property=\"og:type\" content=\"article\" \/>\n<meta property=\"og:title\" content=\"Portf\u00f6lj - Webbverkstaden.com\" \/>\n<meta property=\"og:url\" content=\"https:\/\/webbverkstaden.com\/sv\/portfolio\/\" \/>\n<meta property=\"og:site_name\" content=\"Webbverkstaden.com\" \/>\n<meta property=\"article:modified_time\" content=\"2013-04-01T22:30:31+00:00\" \/>\n<script type=\"application\/ld+json\" class=\"yoast-schema-graph\">{\"@context\":\"https:\/\/schema.org\",\"@graph\":[{\"@type\":\"WebPage\",\"@id\":\"https:\/\/webbverkstaden.com\/sv\/portfolio\/\",\"url\":\"https:\/\/webbverkstaden.com\/sv\/portfolio\/\",\"name\":\"Portf\u00f6lj - Webbverkstaden.com\",\"isPartOf\":{\"@id\":\"https:\/\/webbverkstaden.com\/#website\"},\"datePublished\":\"2013-02-16T21:00:27+00:00\",\"dateModified\":\"2013-04-01T22:30:31+00:00\",\"breadcrumb\":{\"@id\":\"https:\/\/webbverkstaden.com\/sv\/portfolio\/#breadcrumb\"},\"inLanguage\":\"sv-SE\",\"potentialAction\":[{\"@type\":\"ReadAction\",\"target\":[\"https:\/\/webbverkstaden.com\/sv\/portfolio\/\"]}]},{\"@type\":\"BreadcrumbList\",\"@id\":\"https:\/\/webbverkstaden.com\/sv\/portfolio\/#breadcrumb\",\"itemListElement\":[{\"@type\":\"ListItem\",\"position\":1,\"name\":\"Home\",\"item\":\"https:\/\/webbverkstaden.com\/\"},{\"@type\":\"ListItem\",\"position\":2,\"name\":\"Portf\u00f6lj\"}]},{\"@type\":\"WebSite\",\"@id\":\"https:\/\/webbverkstaden.com\/#website\",\"url\":\"https:\/\/webbverkstaden.com\/\",\"name\":\"Webbverkstaden.com\",\"description\":\"Webbutveckling f\u00f6r viktiga verksamheter - Vi erbjuder kostnadseffektiva l\u00f6sningar f\u00f6r att bygga din nya webbplats, eller bygga om din nuvarande hemsida med senaste teknik och design.\",\"potentialAction\":[{\"@type\":\"SearchAction\",\"target\":{\"@type\":\"EntryPoint\",\"urlTemplate\":\"https:\/\/webbverkstaden.com\/?s={search_term_string}\"},\"query-input\":{\"@type\":\"PropertyValueSpecification\",\"valueRequired\":true,\"valueName\":\"search_term_string\"}}],\"inLanguage\":\"sv-SE\"}]}<\/script>","yoast_head_json":{"title":"Portf\u00f6lj - Webbverkstaden.com","robots":{"index":"index","follow":"follow","max-snippet":"max-snippet:-1","max-image-preview":"max-image-preview:large","max-video-preview":"max-video-preview:-1"},"canonical":"https:\/\/webbverkstaden.com\/sv\/portfolio\/","og_locale":"sv_SE","og_type":"article","og_title":"Portf\u00f6lj - Webbverkstaden.com","og_url":"https:\/\/webbverkstaden.com\/sv\/portfolio\/","og_site_name":"Webbverkstaden.com","article_modified_time":"2013-04-01T22:30:31+00:00","schema":{"@context":"https:\/\/schema.org","@graph":[{"@type":"WebPage","@id":"https:\/\/webbverkstaden.com\/sv\/portfolio\/","url":"https:\/\/webbverkstaden.com\/sv\/portfolio\/","name":"Portf\u00f6lj - Webbverkstaden.com","isPartOf":{"@id":"https:\/\/webbverkstaden.com\/#website"},"datePublished":"2013-02-16T21:00:27+00:00","dateModified":"2013-04-01T22:30:31+00:00","breadcrumb":{"@id":"https:\/\/webbverkstaden.com\/sv\/portfolio\/#breadcrumb"},"inLanguage":"sv-SE","potentialAction":[{"@type":"ReadAction","target":["https:\/\/webbverkstaden.com\/sv\/portfolio\/"]}]},{"@type":"BreadcrumbList","@id":"https:\/\/webbverkstaden.com\/sv\/portfolio\/#breadcrumb","itemListElement":[{"@type":"ListItem","position":1,"name":"Home","item":"https:\/\/webbverkstaden.com\/"},{"@type":"ListItem","position":2,"name":"Portf\u00f6lj"}]},{"@type":"WebSite","@id":"https:\/\/webbverkstaden.com\/#website","url":"https:\/\/webbverkstaden.com\/","name":"Webbverkstaden.com","description":"Webbutveckling f\u00f6r viktiga verksamheter - Vi erbjuder kostnadseffektiva l\u00f6sningar f\u00f6r att bygga din nya webbplats, eller bygga om din nuvarande hemsida med senaste teknik och design.","potentialAction":[{"@type":"SearchAction","target":{"@type":"EntryPoint","urlTemplate":"https:\/\/webbverkstaden.com\/?s={search_term_string}"},"query-input":{"@type":"PropertyValueSpecification","valueRequired":true,"valueName":"search_term_string"}}],"inLanguage":"sv-SE"}]}},"_links":{"self":[{"href":"https:\/\/webbverkstaden.com\/sv\/wp-json\/wp\/v2\/pages\/65","targetHints":{"allow":["GET"]}}],"collection":[{"href":"https:\/\/webbverkstaden.com\/sv\/wp-json\/wp\/v2\/pages"}],"about":[{"href":"https:\/\/webbverkstaden.com\/sv\/wp-json\/wp\/v2\/types\/page"}],"author":[{"embeddable":true,"href":"https:\/\/webbverkstaden.com\/sv\/wp-json\/wp\/v2\/users\/1"}],"replies":[{"embeddable":true,"href":"https:\/\/webbverkstaden.com\/sv\/wp-json\/wp\/v2\/comments?post=65"}],"version-history":[{"count":5,"href":"https:\/\/webbverkstaden.com\/sv\/wp-json\/wp\/v2\/pages\/65\/revisions"}],"predecessor-version":[{"id":129,"href":"https:\/\/webbverkstaden.com\/sv\/wp-json\/wp\/v2\/pages\/65\/revisions\/129"}],"wp:attachment":[{"href":"https:\/\/webbverkstaden.com\/sv\/wp-json\/wp\/v2\/media?parent=65"}],"curies":[{"name":"wp","href":"https:\/\/api.w.org\/{rel}","templated":true}]}}