{"id":67,"date":"2013-03-27T14:44:49","date_gmt":"2013-03-27T14:44:49","guid":{"rendered":"http:\/\/localhost\/site_hub\/?page_id=67"},"modified":"2015-02-12T16:32:20","modified_gmt":"2015-02-12T15:32:20","slug":"vad-vi-ar-bra-pa","status":"publish","type":"page","link":"https:\/\/webbverkstaden.com\/sv\/vad-vi-ar-bra-pa\/","title":{"rendered":"Vad vi \u00e4r bra p\u00e5"},"content":{"rendered":"<p>Det enkla svaret p\u00e5 fr\u00e5gan <em>&#8221;Vad \u00e4r ni bra p\u00e5?&#8221;<\/em> \u00e4r att vi helt enkelt \u00e4r bra p\u00e5 det vi g\u00f6r: webbutveckling av webbplatser.<\/p>\n<p>Det n\u00e5got mer m\u00e5ngordiga svaret \u00e4r att vi kan ta dig och din verksamhet fr\u00e5n id\u00e9 till publicerad n\u00e4rvaro p\u00e5 internet p\u00e5 ett s\u00e4tt som b\u00e5de ger dig det resultat du vill ha OCH f\u00e5r dig att uppskatta v\u00e4gen dit. I en f\u00f6r\u00e4nderlig v\u00e4rld av tekniska begrepp, med st\u00e4ndigt v\u00e4xande och v\u00e4xlande m\u00f6jligheter, m\u00f6ter vi dig d\u00e4r du \u00e4r och kommunicerar p\u00e5 ett spr\u00e5k som du kan f\u00f6rst\u00e5. Detta g\u00f6r att du kan fatta de beslut och g\u00f6ra de val som hj\u00e4lper dig och din verksamhet att uppn\u00e5 det ni vill med er n\u00e4rvaro p\u00e5 internet.<\/p>\n<p>V\u00e5r specialitet \u00e4r att bygga webbplatser som enkelt kan sk\u00f6tas av dig som \u00e4ger den, utan att du \u00e4r beroende av oss eller n\u00e5gon annan f\u00f6r att kunna uppdatera din webbplats. Detta kan vi g\u00f6ra utifr\u00e5n en befintlig webbplats, eller helt nytt och fr\u00e5n grunden.<\/p>\n<p>Samtidigt finns vi naturligtvis\u00a0tillg\u00e4ngliga f\u00f6r ett l\u00e5ngsiktigt samarbete som teknisk och strategisk partner f\u00f6r att din webbplats ska kunna forts\u00e4tta att utvecklas. Allt utformat utifr\u00e5n era behov och resurser.<\/p>\n<p>Vi jobbar med de b\u00e4sta verktygen f\u00f6r publicering och kommunikation p\u00e5 Internet: WordPress och Joomla. Detta ger optimala f\u00f6ruts\u00e4ttningarna f\u00f6r att din webbplats skall synas och vara tillg\u00e4nglig p\u00e5 Internet, med st\u00f6d av den b\u00e4sta s\u00f6kmotoroptimering f\u00f6r st\u00f6rsta m\u00f6jliga genomslag hos s\u00f6kmotorer och i webbplatsranking.<\/p>\n<p>Sj\u00e4lvklart integrerar vi din webbplats med de social medier och tj\u00e4nster som passar din verksamhets profil och behov, s\u00e5 att du enkelt kan publicera p\u00e5 flera plattformar utan att beh\u00f6va t\u00e4nka p\u00e5 tekniken.<\/p>\n<p>Vi bygger validerade webbplatser enligt W3C\u2019s standard, optimerade f\u00f6r alla de stora webbl\u00e4sarna (Internet Explorer, Firefox, Safari, Opera) s\u00e5v\u00e4l som f\u00f6r mobila plattformar som telefoner och peksk\u00e4rmar. Detta garanterar h\u00f6g tillg\u00e4nglighet f\u00f6r alla som vill bes\u00f6ka din webbplats.<\/p>\n<p>Exempel p\u00e5 webbplatser vi byggt, underh\u00e5ller eller konsultar finns under <a href=\"https:\/\/webbverkstaden.com\/sv\/portfolio\/\">Portfolio<\/a>. Vill du veta mer och komma i kontakt med oss finns allt du beh\u00f6ver veta under <a href=\"https:\/\/webbverkstaden.com\/sv\/kontakt\/\">Kontakt<\/a>.<\/p>\n","protected":false},"excerpt":{"rendered":"<p>Det enkla svaret p\u00e5 fr\u00e5gan &#8221;Vad \u00e4r ni bra p\u00e5?&#8221; \u00e4r att vi helt enkelt \u00e4r bra p\u00e5 det vi g\u00f6r: webbutveckling av webbplatser. Det n\u00e5got mer m\u00e5ngordiga svaret \u00e4r att vi kan ta dig och din verksamhet fr\u00e5n id\u00e9 till publicerad n\u00e4rvaro p\u00e5 internet p\u00e5 ett s\u00e4tt som b\u00e5de ger dig det resultat du [&hellip;]<\/p>\n","protected":false},"author":1,"featured_media":0,"parent":0,"menu_order":0,"comment_status":"open","ping_status":"open","template":"","meta":{"_monsterinsights_skip_tracking":false,"_monsterinsights_sitenote_active":false,"_monsterinsights_sitenote_note":"","_monsterinsights_sitenote_category":0,"footnotes":""},"class_list":["post-67","page","type-page","status-publish","hentry","entry"],"yoast_head":"<title>Vad vi \u00e4r bra p\u00e5 - Webbverkstaden.com<\/title>\n<meta name=\"description\" content=\"Det enkla svaret p\u00e5 fr\u00e5gan &quot;Vad \u00e4r ni bra p\u00e5?&quot; \u00e4r att vi helt enkelt \u00e4r bra p\u00e5 det vi g\u00f6r: webbutveckling av webbplatser. Det n\u00e5got mer m\u00e5ngordiga svaret\" \/>\n<meta name=\"robots\" content=\"index, follow, max-snippet:-1, max-image-preview:large, max-video-preview:-1\" \/>\n<link rel=\"canonical\" href=\"https:\/\/webbverkstaden.com\/sv\/vad-vi-ar-bra-pa\/\" \/>\n<meta property=\"og:locale\" content=\"sv_SE\" \/>\n<meta property=\"og:type\" content=\"article\" \/>\n<meta property=\"og:title\" content=\"Vad vi \u00e4r bra p\u00e5 - Webbverkstaden.com\" \/>\n<meta property=\"og:description\" content=\"Det enkla svaret p\u00e5 fr\u00e5gan &quot;Vad \u00e4r ni bra p\u00e5?&quot; \u00e4r att vi helt enkelt \u00e4r bra p\u00e5 det vi g\u00f6r: webbutveckling av webbplatser. Det n\u00e5got mer m\u00e5ngordiga svaret\" \/>\n<meta property=\"og:url\" content=\"https:\/\/webbverkstaden.com\/sv\/vad-vi-ar-bra-pa\/\" \/>\n<meta property=\"og:site_name\" content=\"Webbverkstaden.com\" \/>\n<meta property=\"article:modified_time\" content=\"2015-02-12T15:32:20+00:00\" \/>\n<meta name=\"twitter:label1\" content=\"Ber\u00e4knad l\u00e4stid\" \/>\n\t<meta name=\"twitter:data1\" content=\"2 minuter\" \/>\n<script type=\"application\/ld+json\" class=\"yoast-schema-graph\">{\"@context\":\"https:\/\/schema.org\",\"@graph\":[{\"@type\":\"WebPage\",\"@id\":\"https:\/\/webbverkstaden.com\/sv\/vad-vi-ar-bra-pa\/\",\"url\":\"https:\/\/webbverkstaden.com\/sv\/vad-vi-ar-bra-pa\/\",\"name\":\"Vad vi \u00e4r bra p\u00e5 - Webbverkstaden.com\",\"isPartOf\":{\"@id\":\"https:\/\/webbverkstaden.com\/#website\"},\"datePublished\":\"2013-03-27T14:44:49+00:00\",\"dateModified\":\"2015-02-12T15:32:20+00:00\",\"description\":\"Det enkla svaret p\u00e5 fr\u00e5gan \\\"Vad \u00e4r ni bra p\u00e5?\\\" \u00e4r att vi helt enkelt \u00e4r bra p\u00e5 det vi g\u00f6r: webbutveckling av webbplatser. Det n\u00e5got mer m\u00e5ngordiga svaret\",\"breadcrumb\":{\"@id\":\"https:\/\/webbverkstaden.com\/sv\/vad-vi-ar-bra-pa\/#breadcrumb\"},\"inLanguage\":\"sv-SE\",\"potentialAction\":[{\"@type\":\"ReadAction\",\"target\":[\"https:\/\/webbverkstaden.com\/sv\/vad-vi-ar-bra-pa\/\"]}]},{\"@type\":\"BreadcrumbList\",\"@id\":\"https:\/\/webbverkstaden.com\/sv\/vad-vi-ar-bra-pa\/#breadcrumb\",\"itemListElement\":[{\"@type\":\"ListItem\",\"position\":1,\"name\":\"Home\",\"item\":\"https:\/\/webbverkstaden.com\/\"},{\"@type\":\"ListItem\",\"position\":2,\"name\":\"Vad vi \u00e4r bra p\u00e5\"}]},{\"@type\":\"WebSite\",\"@id\":\"https:\/\/webbverkstaden.com\/#website\",\"url\":\"https:\/\/webbverkstaden.com\/\",\"name\":\"Webbverkstaden.com\",\"description\":\"Webbutveckling f\u00f6r viktiga verksamheter - Vi erbjuder kostnadseffektiva l\u00f6sningar f\u00f6r att bygga din nya webbplats, eller bygga om din nuvarande hemsida med senaste teknik och design.\",\"potentialAction\":[{\"@type\":\"SearchAction\",\"target\":{\"@type\":\"EntryPoint\",\"urlTemplate\":\"https:\/\/webbverkstaden.com\/?s={search_term_string}\"},\"query-input\":{\"@type\":\"PropertyValueSpecification\",\"valueRequired\":true,\"valueName\":\"search_term_string\"}}],\"inLanguage\":\"sv-SE\"}]}<\/script>","yoast_head_json":{"title":"Vad vi \u00e4r bra p\u00e5 - Webbverkstaden.com","description":"Det enkla svaret p\u00e5 fr\u00e5gan \"Vad \u00e4r ni bra p\u00e5?\" \u00e4r att vi helt enkelt \u00e4r bra p\u00e5 det vi g\u00f6r: webbutveckling av webbplatser. Det n\u00e5got mer m\u00e5ngordiga svaret","robots":{"index":"index","follow":"follow","max-snippet":"max-snippet:-1","max-image-preview":"max-image-preview:large","max-video-preview":"max-video-preview:-1"},"canonical":"https:\/\/webbverkstaden.com\/sv\/vad-vi-ar-bra-pa\/","og_locale":"sv_SE","og_type":"article","og_title":"Vad vi \u00e4r bra p\u00e5 - Webbverkstaden.com","og_description":"Det enkla svaret p\u00e5 fr\u00e5gan \"Vad \u00e4r ni bra p\u00e5?\" \u00e4r att vi helt enkelt \u00e4r bra p\u00e5 det vi g\u00f6r: webbutveckling av webbplatser. Det n\u00e5got mer m\u00e5ngordiga svaret","og_url":"https:\/\/webbverkstaden.com\/sv\/vad-vi-ar-bra-pa\/","og_site_name":"Webbverkstaden.com","article_modified_time":"2015-02-12T15:32:20+00:00","twitter_misc":{"Ber\u00e4knad l\u00e4stid":"2 minuter"},"schema":{"@context":"https:\/\/schema.org","@graph":[{"@type":"WebPage","@id":"https:\/\/webbverkstaden.com\/sv\/vad-vi-ar-bra-pa\/","url":"https:\/\/webbverkstaden.com\/sv\/vad-vi-ar-bra-pa\/","name":"Vad vi \u00e4r bra p\u00e5 - Webbverkstaden.com","isPartOf":{"@id":"https:\/\/webbverkstaden.com\/#website"},"datePublished":"2013-03-27T14:44:49+00:00","dateModified":"2015-02-12T15:32:20+00:00","description":"Det enkla svaret p\u00e5 fr\u00e5gan \"Vad \u00e4r ni bra p\u00e5?\" \u00e4r att vi helt enkelt \u00e4r bra p\u00e5 det vi g\u00f6r: webbutveckling av webbplatser. Det n\u00e5got mer m\u00e5ngordiga svaret","breadcrumb":{"@id":"https:\/\/webbverkstaden.com\/sv\/vad-vi-ar-bra-pa\/#breadcrumb"},"inLanguage":"sv-SE","potentialAction":[{"@type":"ReadAction","target":["https:\/\/webbverkstaden.com\/sv\/vad-vi-ar-bra-pa\/"]}]},{"@type":"BreadcrumbList","@id":"https:\/\/webbverkstaden.com\/sv\/vad-vi-ar-bra-pa\/#breadcrumb","itemListElement":[{"@type":"ListItem","position":1,"name":"Home","item":"https:\/\/webbverkstaden.com\/"},{"@type":"ListItem","position":2,"name":"Vad vi \u00e4r bra p\u00e5"}]},{"@type":"WebSite","@id":"https:\/\/webbverkstaden.com\/#website","url":"https:\/\/webbverkstaden.com\/","name":"Webbverkstaden.com","description":"Webbutveckling f\u00f6r viktiga verksamheter - Vi erbjuder kostnadseffektiva l\u00f6sningar f\u00f6r att bygga din nya webbplats, eller bygga om din nuvarande hemsida med senaste teknik och design.","potentialAction":[{"@type":"SearchAction","target":{"@type":"EntryPoint","urlTemplate":"https:\/\/webbverkstaden.com\/?s={search_term_string}"},"query-input":{"@type":"PropertyValueSpecification","valueRequired":true,"valueName":"search_term_string"}}],"inLanguage":"sv-SE"}]}},"_links":{"self":[{"href":"https:\/\/webbverkstaden.com\/sv\/wp-json\/wp\/v2\/pages\/67","targetHints":{"allow":["GET"]}}],"collection":[{"href":"https:\/\/webbverkstaden.com\/sv\/wp-json\/wp\/v2\/pages"}],"about":[{"href":"https:\/\/webbverkstaden.com\/sv\/wp-json\/wp\/v2\/types\/page"}],"author":[{"embeddable":true,"href":"https:\/\/webbverkstaden.com\/sv\/wp-json\/wp\/v2\/users\/1"}],"replies":[{"embeddable":true,"href":"https:\/\/webbverkstaden.com\/sv\/wp-json\/wp\/v2\/comments?post=67"}],"version-history":[{"count":5,"href":"https:\/\/webbverkstaden.com\/sv\/wp-json\/wp\/v2\/pages\/67\/revisions"}],"predecessor-version":[{"id":312,"href":"https:\/\/webbverkstaden.com\/sv\/wp-json\/wp\/v2\/pages\/67\/revisions\/312"}],"wp:attachment":[{"href":"https:\/\/webbverkstaden.com\/sv\/wp-json\/wp\/v2\/media?parent=67"}],"curies":[{"name":"wp","href":"https:\/\/api.w.org\/{rel}","templated":true}]}}